{"id":4043,"date":"2023-05-26T13:17:24","date_gmt":"2023-05-26T12:17:24","guid":{"rendered":"https:\/\/afectivo-coaching.de\/staerken\/"},"modified":"2023-08-08T14:59:59","modified_gmt":"2023-08-08T13:59:59","slug":"strengths","status":"publish","type":"page","link":"https:\/\/afectivo-coaching.de\/en\/strengths\/","title":{"rendered":"Strengths &amp; Potentials of highly sensitive people"},"content":{"rendered":"\n<p><strong>Hochsensibilit\u00e4t ist ein Geschenk<\/strong>, ein riesengro\u00dfes Potenzial. Hochsensible Menschen werden in der heutigen Zeit mehr gebraucht denn je. Sie m\u00fcssen sich nicht verstecken oder anpassen, sollten zu sich stehen und sich zeigen. Mit ihren St\u00e4rken k\u00f6nnen sie einen gro\u00dfen Beitrag leisten die Welt und das Miteinander nachhaltig zu verbessern.&nbsp;<\/p>\n\n\n\n<p>Leider geraten hochsensible Menschen <strong>in der heutigen Leistungs- und Konsumgesellschaft immer wieder an ihre Grenzen<\/strong> und haben es schwer, ihre St\u00e4rken auszuleben (s. oben). Dabei spielt die Umgebung und auch das soziale Umfeld eine gro\u00dfe Rolle. Es kann stark f\u00f6rdernd, aber auch stark belastend sein.&nbsp;<\/p>\n\n\n\n<p>Hochsensible Menschen haben <strong>viele Talente und Gaben<\/strong>, es gilt lediglich diese zu erkennen und im richtigen Umfeld ausleben zu k\u00f6nnen. In meinem Coaching wird genau dies der Schwerpunkt sein; hochsensiblen Menschen dabei zu verhelfen <strong>sich zu erkennen, anzunehmen und die Potenziale zu entdecken und auszuleben.<\/strong><\/p>\n\n\n\n<p>Durch das so fein vernetzte Gehirn und die h\u00f6here Aufnahmef\u00e4higkeit von Reizen haben hochsensible Menschen oft ein <strong>starkes ganzheitliches Denken<\/strong> sowie eine St\u00e4rke in dem <strong>Erkennen von gro\u00dfen Zusammenh\u00e4ngen. <\/strong>Man spricht auch von einem \u201eepisodischen Ged\u00e4chtnis\u201c, was mit einer sehr starken Vorstellungskraft einher geht. Die aufgenommenen Informationen werden \u00e4u\u00dferst gr\u00fcndlich verarbeitet und das Abstraktionsverm\u00f6gen von hochsensiblen Menschen ist stark ausgepr\u00e4gt.<\/p>\n\n\n\n<p>Aufgrund der st\u00e4rkeren Wahrnehmungsf\u00e4higkeit haben hochsensible Menschen vor allem eine sehr <strong>ausgepr\u00e4gte Empathie und ein ausgepr\u00e4gtes Einf\u00fchlungsverm\u00f6gen<\/strong>; sie k\u00f6nnen teilweise genau sp\u00fcren, was ihr Gegen\u00fcber gerade f\u00fchlt. Dies ist eine der wichtigsten St\u00e4rken im Miteinander mit anderen Menschen, denn sie birgt sehr gro\u00dfes Potenzial die Hilfsbed\u00fcrftigkeit derer zu erkennen.<\/p>\n\n\n\n<p>Neben den klassischen 5 Sinnen gibt es bei den meisten hochsensiblen Menschen eine sehr starke Auspr\u00e4gung des sogn. 6. Sinnes, der <strong>Intuition<\/strong>. Dies bedeutet, dass ein sehr <strong>starkes Gesp\u00fcr f\u00fcr anderen Menschen, f\u00fcr Zusammenh\u00e4nge, Situationen und auch Entscheidungen <\/strong>vorhanden ist. Das Bauchgef\u00fchl ist immer \u201erichtig\u201c und hochsensible Menschen sollten lernen, darauf zu vertrauen. Die insgesamt sehr \u201efeinen Antennen\u201c k\u00f6nnen alles intensiver wahrnehmen: Ger\u00e4usche, Optik, Geschmack, Einwirkungen auf den K\u00f6rper oder was von innen kommt z.B. Gedanken. Hochsensible Menschen haben daher auch oft ein sehr gutes Gef\u00fchl f\u00fcr die eigene Gesundheit und den eigenen K\u00f6rper und sp\u00fcren sofort, \u201ewenn etwas nicht stimmt\u201c.<\/p>\n\n\n\n<p>Alle Gef\u00fchle werden intensiver erlebt, ob negativ oder positiv. Das hei\u00dft aber auch dass hochsensible&nbsp; Menschen in der Lage sind sehr <strong>tiefgr\u00fcndige Beziehungen und Freundschaften zu f\u00fchren<\/strong>. Small Talks sind da v\u00f6llig Fehl am Platz. Sie sind demnach sehr gute Gespr\u00e4chspartner, gute und verst\u00e4ndnisvolle Zuh\u00f6rer. Hinzu kommen Eigenschaften wie Hilfsbereitschaft und Zuverl\u00e4ssigkeit.<\/p>\n\n\n\n<p>Eine weitere St\u00e4rke hochsensibler Menschen ist ihre <strong>Kreativit\u00e4t<\/strong>. Das Interesse an sch\u00f6nen Dingen, einem Streben nach Harmonie und der L\u00f6sung von Problemen geht auch damit einher. Hochsensible Menschen sind sehr visuell. Der Idealismus und Drang Probleme zu l\u00f6sen, bietet ebenso viel Potenzial\u2026<\/p>\n\n\n\n<p>Zudem spielt ein sehr ausgepr\u00e4gter <strong>Gerechtigkeitssinn <\/strong>eine gro\u00dfe Rolle im Leben vieler hochsensibler Menschen. Wenn Anderen \u201eUnrecht\u201c getan wird, k\u00f6nnen sie dies kaum ertragen und sp\u00fcren auch schnell die Inkongruenz im Verhalten von Menschen. <strong>Die idealisierte Vorstellung einer \u201efairen Welt\u201c<\/strong> f\u00fchrt dazu, dass sie auch ihre Stimme erheben, wenn Ungerechtigkeit geschieht. Dies ist eine sehr wertvolle Eigenschaft; so wird Leid gemindert und langfristig Harmonie hergestellt.<\/p>\n\n\n\n<p>Zu guter Letzt ist es wichtig zu erw\u00e4hnen, wie <strong>spirituell<\/strong> viele hochsensible Menschen sind \u2013 die Anbindung an \u201eetwas Gr\u00f6\u00dferes\u201c oder auch das Gef\u00fchl von Verbundenheit mit Tieren, der Natur und anderen Menschen ist eine wundervolle Eigenschaft und St\u00e4rke. Die <strong>Suche nach dem h\u00f6heren Sinn und das Streben nach Sinnhaftigkeit im Tun<\/strong> gehen damit einher und spielen vor allem im Berufsleben eine Rolle, die gro\u00dfes Potential in sich birgt.<\/p>\n","protected":false},"excerpt":{"rendered":"<p>Hochsensibilit\u00e4t ist ein Geschenk, ein riesengro\u00dfes Potenzial. Hochsensible Menschen werden in der heutigen Zeit mehr gebraucht denn je. Sie m\u00fcssen sich nicht verstecken oder anpassen, sollten zu sich stehen und sich zeigen. Mit ihren St\u00e4rken k\u00f6nnen sie einen gro\u00dfen Beitrag leisten die Welt und das Miteinander nachhaltig zu verbessern.&nbsp; Leider geraten hochsensible Menschen in der<\/p>\n","protected":false},"author":1,"featured_media":3912,"parent":0,"menu_order":0,"comment_status":"closed","ping_status":"closed","template":"","meta":{"footnotes":""},"class_list":["post-4043","page","type-page","status-publish","has-post-thumbnail","hentry"],"yoast_head":"<!-- This site is optimized with the Yoast SEO plugin v25.9 - https:\/\/yoast.com\/wordpress\/plugins\/seo\/ -->\n<title>Strengths &amp; Potentials of highly sensitive people - Afectivo Psychotherapie &amp; Coaching<\/title>\n<meta name=\"description\" content=\"High sensitivity is a gift, a huge potential. Highly sensitive people are needed more than ever in today&#039;s world. They don&#039;t have to hide or adapt, they should stand by themselves and show themselves..\" \/>\n<meta name=\"robots\" content=\"index, follow, max-snippet:-1, max-image-preview:large, max-video-preview:-1\" \/>\n<link rel=\"canonical\" href=\"https:\/\/afectivo-coaching.de\/en\/strengths\/\" \/>\n<meta property=\"og:locale\" content=\"en_US\" \/>\n<meta property=\"og:type\" content=\"article\" \/>\n<meta property=\"og:title\" content=\"Strengths &amp; Potentials of highly sensitive people - Afectivo Psychotherapie &amp; Coaching\" \/>\n<meta property=\"og:description\" content=\"High sensitivity is a gift, a huge potential. Highly sensitive people are needed more than ever in today&#039;s world. They don&#039;t have to hide or adapt, they should stand by themselves and show themselves..\" \/>\n<meta property=\"og:url\" content=\"https:\/\/afectivo-coaching.de\/en\/strengths\/\" \/>\n<meta property=\"og:site_name\" content=\"Afectivo Psychotherapie &amp; Coaching\" \/>\n<meta property=\"article:modified_time\" content=\"2023-08-08T13:59:59+00:00\" \/>\n<meta property=\"og:image\" content=\"https:\/\/afectivo-coaching.de\/wp-content\/uploads\/2023\/05\/Afectivo.jpg\" \/>\n\t<meta property=\"og:image:width\" content=\"1600\" \/>\n\t<meta property=\"og:image:height\" content=\"1067\" \/>\n\t<meta property=\"og:image:type\" content=\"image\/jpeg\" \/>\n<meta name=\"twitter:card\" content=\"summary_large_image\" \/>\n<meta name=\"twitter:label1\" content=\"Est. reading time\" \/>\n\t<meta name=\"twitter:data1\" content=\"3 minutes\" \/>\n<script type=\"application\/ld+json\" class=\"yoast-schema-graph\">{\"@context\":\"https:\/\/schema.org\",\"@graph\":[{\"@type\":\"WebPage\",\"@id\":\"https:\/\/afectivo-coaching.de\/en\/strengths\/\",\"url\":\"https:\/\/afectivo-coaching.de\/en\/strengths\/\",\"name\":\"Strengths &amp; Potentials of highly sensitive people - Afectivo Psychotherapie &amp; Coaching\",\"isPartOf\":{\"@id\":\"https:\/\/afectivo-coaching.de\/en\/#website\"},\"primaryImageOfPage\":{\"@id\":\"https:\/\/afectivo-coaching.de\/en\/strengths\/#primaryimage\"},\"image\":{\"@id\":\"https:\/\/afectivo-coaching.de\/en\/strengths\/#primaryimage\"},\"thumbnailUrl\":\"https:\/\/afectivo-coaching.de\/wp-content\/uploads\/2023\/05\/Afectivo.jpg\",\"datePublished\":\"2023-05-26T12:17:24+00:00\",\"dateModified\":\"2023-08-08T13:59:59+00:00\",\"description\":\"High sensitivity is a gift, a huge potential. Highly sensitive people are needed more than ever in today's world. They don't have to hide or adapt, they should stand by themselves and show themselves..\",\"breadcrumb\":{\"@id\":\"https:\/\/afectivo-coaching.de\/en\/strengths\/#breadcrumb\"},\"inLanguage\":\"en-US\",\"potentialAction\":[{\"@type\":\"ReadAction\",\"target\":[\"https:\/\/afectivo-coaching.de\/en\/strengths\/\"]}]},{\"@type\":\"ImageObject\",\"inLanguage\":\"en-US\",\"@id\":\"https:\/\/afectivo-coaching.de\/en\/strengths\/#primaryimage\",\"url\":\"https:\/\/afectivo-coaching.de\/wp-content\/uploads\/2023\/05\/Afectivo.jpg\",\"contentUrl\":\"https:\/\/afectivo-coaching.de\/wp-content\/uploads\/2023\/05\/Afectivo.jpg\",\"width\":1600,\"height\":1067,\"caption\":\"Afectivo Psychotherapie & Coaching\"},{\"@type\":\"BreadcrumbList\",\"@id\":\"https:\/\/afectivo-coaching.de\/en\/strengths\/#breadcrumb\",\"itemListElement\":[{\"@type\":\"ListItem\",\"position\":1,\"name\":\"Home\",\"item\":\"https:\/\/afectivo-coaching.de\/en\/\"},{\"@type\":\"ListItem\",\"position\":2,\"name\":\"Strengths &amp; Potentials of highly sensitive people\"}]},{\"@type\":\"WebSite\",\"@id\":\"https:\/\/afectivo-coaching.de\/en\/#website\",\"url\":\"https:\/\/afectivo-coaching.de\/en\/\",\"name\":\"Afectivo Psychotherapie &amp; Coaching\",\"description\":\"\u201eBe the change you wish to see in the world!\u201c\",\"publisher\":{\"@id\":\"https:\/\/afectivo-coaching.de\/en\/#organization\"},\"potentialAction\":[{\"@type\":\"SearchAction\",\"target\":{\"@type\":\"EntryPoint\",\"urlTemplate\":\"https:\/\/afectivo-coaching.de\/en\/?s={search_term_string}\"},\"query-input\":{\"@type\":\"PropertyValueSpecification\",\"valueRequired\":true,\"valueName\":\"search_term_string\"}}],\"inLanguage\":\"en-US\"},{\"@type\":\"Organization\",\"@id\":\"https:\/\/afectivo-coaching.de\/en\/#organization\",\"name\":\"Afectivo Psychotherapie &amp; Coaching\",\"url\":\"https:\/\/afectivo-coaching.de\/en\/\",\"logo\":{\"@type\":\"ImageObject\",\"inLanguage\":\"en-US\",\"@id\":\"https:\/\/afectivo-coaching.de\/en\/#\/schema\/logo\/image\/\",\"url\":\"https:\/\/afectivo-coaching.de\/wp-content\/uploads\/2023\/05\/Logo-afectivo-only.png\",\"contentUrl\":\"https:\/\/afectivo-coaching.de\/wp-content\/uploads\/2023\/05\/Logo-afectivo-only.png\",\"width\":400,\"height\":171,\"caption\":\"Afectivo Psychotherapie &amp; Coaching\"},\"image\":{\"@id\":\"https:\/\/afectivo-coaching.de\/en\/#\/schema\/logo\/image\/\"}}]}<\/script>\n<!-- \/ Yoast SEO plugin. -->","yoast_head_json":{"title":"Strengths &amp; Potentials of highly sensitive people - Afectivo Psychotherapie &amp; Coaching","description":"High sensitivity is a gift, a huge potential. Highly sensitive people are needed more than ever in today's world. They don't have to hide or adapt, they should stand by themselves and show themselves..","robots":{"index":"index","follow":"follow","max-snippet":"max-snippet:-1","max-image-preview":"max-image-preview:large","max-video-preview":"max-video-preview:-1"},"canonical":"https:\/\/afectivo-coaching.de\/en\/strengths\/","og_locale":"en_US","og_type":"article","og_title":"Strengths &amp; Potentials of highly sensitive people - Afectivo Psychotherapie &amp; Coaching","og_description":"High sensitivity is a gift, a huge potential. Highly sensitive people are needed more than ever in today's world. They don't have to hide or adapt, they should stand by themselves and show themselves..","og_url":"https:\/\/afectivo-coaching.de\/en\/strengths\/","og_site_name":"Afectivo Psychotherapie &amp; Coaching","article_modified_time":"2023-08-08T13:59:59+00:00","og_image":[{"width":1600,"height":1067,"url":"https:\/\/afectivo-coaching.de\/wp-content\/uploads\/2023\/05\/Afectivo.jpg","type":"image\/jpeg"}],"twitter_card":"summary_large_image","twitter_misc":{"Est. reading time":"3 minutes"},"schema":{"@context":"https:\/\/schema.org","@graph":[{"@type":"WebPage","@id":"https:\/\/afectivo-coaching.de\/en\/strengths\/","url":"https:\/\/afectivo-coaching.de\/en\/strengths\/","name":"Strengths &amp; Potentials of highly sensitive people - Afectivo Psychotherapie &amp; Coaching","isPartOf":{"@id":"https:\/\/afectivo-coaching.de\/en\/#website"},"primaryImageOfPage":{"@id":"https:\/\/afectivo-coaching.de\/en\/strengths\/#primaryimage"},"image":{"@id":"https:\/\/afectivo-coaching.de\/en\/strengths\/#primaryimage"},"thumbnailUrl":"https:\/\/afectivo-coaching.de\/wp-content\/uploads\/2023\/05\/Afectivo.jpg","datePublished":"2023-05-26T12:17:24+00:00","dateModified":"2023-08-08T13:59:59+00:00","description":"High sensitivity is a gift, a huge potential. Highly sensitive people are needed more than ever in today's world. They don't have to hide or adapt, they should stand by themselves and show themselves..","breadcrumb":{"@id":"https:\/\/afectivo-coaching.de\/en\/strengths\/#breadcrumb"},"inLanguage":"en-US","potentialAction":[{"@type":"ReadAction","target":["https:\/\/afectivo-coaching.de\/en\/strengths\/"]}]},{"@type":"ImageObject","inLanguage":"en-US","@id":"https:\/\/afectivo-coaching.de\/en\/strengths\/#primaryimage","url":"https:\/\/afectivo-coaching.de\/wp-content\/uploads\/2023\/05\/Afectivo.jpg","contentUrl":"https:\/\/afectivo-coaching.de\/wp-content\/uploads\/2023\/05\/Afectivo.jpg","width":1600,"height":1067,"caption":"Afectivo Psychotherapie & Coaching"},{"@type":"BreadcrumbList","@id":"https:\/\/afectivo-coaching.de\/en\/strengths\/#breadcrumb","itemListElement":[{"@type":"ListItem","position":1,"name":"Home","item":"https:\/\/afectivo-coaching.de\/en\/"},{"@type":"ListItem","position":2,"name":"Strengths &amp; Potentials of highly sensitive people"}]},{"@type":"WebSite","@id":"https:\/\/afectivo-coaching.de\/en\/#website","url":"https:\/\/afectivo-coaching.de\/en\/","name":"Afectivo Psychotherapie &amp; Coaching","description":"\u201eBe the change you wish to see in the world!\u201c","publisher":{"@id":"https:\/\/afectivo-coaching.de\/en\/#organization"},"potentialAction":[{"@type":"SearchAction","target":{"@type":"EntryPoint","urlTemplate":"https:\/\/afectivo-coaching.de\/en\/?s={search_term_string}"},"query-input":{"@type":"PropertyValueSpecification","valueRequired":true,"valueName":"search_term_string"}}],"inLanguage":"en-US"},{"@type":"Organization","@id":"https:\/\/afectivo-coaching.de\/en\/#organization","name":"Afectivo Psychotherapie &amp; Coaching","url":"https:\/\/afectivo-coaching.de\/en\/","logo":{"@type":"ImageObject","inLanguage":"en-US","@id":"https:\/\/afectivo-coaching.de\/en\/#\/schema\/logo\/image\/","url":"https:\/\/afectivo-coaching.de\/wp-content\/uploads\/2023\/05\/Logo-afectivo-only.png","contentUrl":"https:\/\/afectivo-coaching.de\/wp-content\/uploads\/2023\/05\/Logo-afectivo-only.png","width":400,"height":171,"caption":"Afectivo Psychotherapie &amp; Coaching"},"image":{"@id":"https:\/\/afectivo-coaching.de\/en\/#\/schema\/logo\/image\/"}}]}},"_links":{"self":[{"href":"https:\/\/afectivo-coaching.de\/en\/wp-json\/wp\/v2\/pages\/4043","targetHints":{"allow":["GET"]}}],"collection":[{"href":"https:\/\/afectivo-coaching.de\/en\/wp-json\/wp\/v2\/pages"}],"about":[{"href":"https:\/\/afectivo-coaching.de\/en\/wp-json\/wp\/v2\/types\/page"}],"author":[{"embeddable":true,"href":"https:\/\/afectivo-coaching.de\/en\/wp-json\/wp\/v2\/users\/1"}],"replies":[{"embeddable":true,"href":"https:\/\/afectivo-coaching.de\/en\/wp-json\/wp\/v2\/comments?post=4043"}],"version-history":[{"count":5,"href":"https:\/\/afectivo-coaching.de\/en\/wp-json\/wp\/v2\/pages\/4043\/revisions"}],"predecessor-version":[{"id":4226,"href":"https:\/\/afectivo-coaching.de\/en\/wp-json\/wp\/v2\/pages\/4043\/revisions\/4226"}],"wp:featuredmedia":[{"embeddable":true,"href":"https:\/\/afectivo-coaching.de\/en\/wp-json\/wp\/v2\/media\/3912"}],"wp:attachment":[{"href":"https:\/\/afectivo-coaching.de\/en\/wp-json\/wp\/v2\/media?parent=4043"}],"curies":[{"name":"wp","href":"https:\/\/api.w.org\/{rel}","templated":true}]}}